{"id":80,"date":"2023-08-23T16:32:46","date_gmt":"2023-08-23T16:32:46","guid":{"rendered":"https:\/\/fsgbsh-2085.demosrv.dev\/?page_id=80"},"modified":"2025-09-17T13:55:48","modified_gmt":"2025-09-17T13:55:48","slug":"home","status":"publish","type":"page","link":"https:\/\/fsgb-sh.ch\/sq\/","title":{"rendered":"Home"},"content":{"rendered":"","protected":false},"excerpt":{"rendered":"","protected":false},"author":4,"featured_media":0,"parent":0,"menu_order":0,"comment_status":"closed","ping_status":"closed","template":"","meta":{"_acf_changed":false,"footnotes":""},"class_list":["post-80","page","type-page","status-publish","hentry"],"acf":[],"yoast_head":"<!-- This site is optimized with the Yoast SEO plugin v26.5 - https:\/\/yoast.com\/wordpress\/plugins\/seo\/ -->\n<title>Zyra e specializuarp\u00ebr personat eprekur nga dhuna<\/title>\n<meta name=\"description\" content=\"Konfidenciale. Pa pages\u00eb. P\u00ebr t\u00eb gjith\u00eb. 052 625 25 00\" \/>\n<meta name=\"robots\" content=\"index, follow, max-snippet:-1, max-image-preview:large, max-video-preview:-1\" \/>\n<link rel=\"canonical\" href=\"https:\/\/fsgb-sh.ch\/sq\/\" \/>\n<meta property=\"og:locale\" content=\"sq_AL\" \/>\n<meta property=\"og:type\" content=\"article\" \/>\n<meta property=\"og:title\" content=\"Zyra e specializuarp\u00ebr personat eprekur nga dhuna\" \/>\n<meta property=\"og:description\" content=\"Konfidenciale. Pa pages\u00eb. P\u00ebr t\u00eb gjith\u00eb. 052 625 25 00\" \/>\n<meta property=\"og:url\" content=\"https:\/\/fsgb-sh.ch\/sq\/\" \/>\n<meta property=\"og:site_name\" content=\"Fachstelle f\u00fcr Gewaltbetroffene Schaffhausen\" \/>\n<meta property=\"article:modified_time\" content=\"2025-09-17T13:55:48+00:00\" \/>\n<meta name=\"twitter:card\" content=\"summary_large_image\" \/>\n<script type=\"application\/ld+json\" class=\"yoast-schema-graph\">{\"@context\":\"https:\/\/schema.org\",\"@graph\":[{\"@type\":\"WebPage\",\"@id\":\"https:\/\/fsgb-sh.ch\/sq\/\",\"url\":\"https:\/\/fsgb-sh.ch\/sq\/\",\"name\":\"Zyra e specializuarp\u00ebr personat eprekur nga dhuna\",\"isPartOf\":{\"@id\":\"https:\/\/fsgb-sh.ch\/#website\"},\"datePublished\":\"2023-08-23T16:32:46+00:00\",\"dateModified\":\"2025-09-17T13:55:48+00:00\",\"description\":\"Konfidenciale. Pa pages\u00eb. P\u00ebr t\u00eb gjith\u00eb. 052 625 25 00\",\"breadcrumb\":{\"@id\":\"https:\/\/fsgb-sh.ch\/sq\/#breadcrumb\"},\"inLanguage\":\"sq-AL\",\"potentialAction\":[{\"@type\":\"ReadAction\",\"target\":[\"https:\/\/fsgb-sh.ch\/sq\/\"]}]},{\"@type\":\"BreadcrumbList\",\"@id\":\"https:\/\/fsgb-sh.ch\/sq\/#breadcrumb\",\"itemListElement\":[{\"@type\":\"ListItem\",\"position\":1,\"name\":\"Startseite\",\"item\":\"https:\/\/fsgb-sh.ch\/sq\/\"},{\"@type\":\"ListItem\",\"position\":2,\"name\":\"Home\"}]},{\"@type\":\"WebSite\",\"@id\":\"https:\/\/fsgb-sh.ch\/#website\",\"url\":\"https:\/\/fsgb-sh.ch\/\",\"name\":\"Fachstelle f\u00fcr Gewaltbetroffene Schaffhausen\",\"description\":\"\",\"potentialAction\":[{\"@type\":\"SearchAction\",\"target\":{\"@type\":\"EntryPoint\",\"urlTemplate\":\"https:\/\/fsgb-sh.ch\/?s={search_term_string}\"},\"query-input\":{\"@type\":\"PropertyValueSpecification\",\"valueRequired\":true,\"valueName\":\"search_term_string\"}}],\"inLanguage\":\"sq-AL\"}]}<\/script>\n<!-- \/ Yoast SEO plugin. -->","yoast_head_json":{"title":"Zyra e specializuarp\u00ebr personat eprekur nga dhuna","description":"Konfidenciale. Pa pages\u00eb. P\u00ebr t\u00eb gjith\u00eb. 052 625 25 00","robots":{"index":"index","follow":"follow","max-snippet":"max-snippet:-1","max-image-preview":"max-image-preview:large","max-video-preview":"max-video-preview:-1"},"canonical":"https:\/\/fsgb-sh.ch\/sq\/","og_locale":"sq_AL","og_type":"article","og_title":"Zyra e specializuarp\u00ebr personat eprekur nga dhuna","og_description":"Konfidenciale. Pa pages\u00eb. P\u00ebr t\u00eb gjith\u00eb. 052 625 25 00","og_url":"https:\/\/fsgb-sh.ch\/sq\/","og_site_name":"Fachstelle f\u00fcr Gewaltbetroffene Schaffhausen","article_modified_time":"2025-09-17T13:55:48+00:00","twitter_card":"summary_large_image","schema":{"@context":"https:\/\/schema.org","@graph":[{"@type":"WebPage","@id":"https:\/\/fsgb-sh.ch\/sq\/","url":"https:\/\/fsgb-sh.ch\/sq\/","name":"Zyra e specializuarp\u00ebr personat eprekur nga dhuna","isPartOf":{"@id":"https:\/\/fsgb-sh.ch\/#website"},"datePublished":"2023-08-23T16:32:46+00:00","dateModified":"2025-09-17T13:55:48+00:00","description":"Konfidenciale. Pa pages\u00eb. P\u00ebr t\u00eb gjith\u00eb. 052 625 25 00","breadcrumb":{"@id":"https:\/\/fsgb-sh.ch\/sq\/#breadcrumb"},"inLanguage":"sq-AL","potentialAction":[{"@type":"ReadAction","target":["https:\/\/fsgb-sh.ch\/sq\/"]}]},{"@type":"BreadcrumbList","@id":"https:\/\/fsgb-sh.ch\/sq\/#breadcrumb","itemListElement":[{"@type":"ListItem","position":1,"name":"Startseite","item":"https:\/\/fsgb-sh.ch\/sq\/"},{"@type":"ListItem","position":2,"name":"Home"}]},{"@type":"WebSite","@id":"https:\/\/fsgb-sh.ch\/#website","url":"https:\/\/fsgb-sh.ch\/","name":"Fachstelle f\u00fcr Gewaltbetroffene Schaffhausen","description":"","potentialAction":[{"@type":"SearchAction","target":{"@type":"EntryPoint","urlTemplate":"https:\/\/fsgb-sh.ch\/?s={search_term_string}"},"query-input":{"@type":"PropertyValueSpecification","valueRequired":true,"valueName":"search_term_string"}}],"inLanguage":"sq-AL"}]}},"_links":{"self":[{"href":"https:\/\/fsgb-sh.ch\/sq\/wp-json\/wp\/v2\/pages\/80","targetHints":{"allow":["GET"]}}],"collection":[{"href":"https:\/\/fsgb-sh.ch\/sq\/wp-json\/wp\/v2\/pages"}],"about":[{"href":"https:\/\/fsgb-sh.ch\/sq\/wp-json\/wp\/v2\/types\/page"}],"author":[{"embeddable":true,"href":"https:\/\/fsgb-sh.ch\/sq\/wp-json\/wp\/v2\/users\/4"}],"replies":[{"embeddable":true,"href":"https:\/\/fsgb-sh.ch\/sq\/wp-json\/wp\/v2\/comments?post=80"}],"version-history":[{"count":10,"href":"https:\/\/fsgb-sh.ch\/sq\/wp-json\/wp\/v2\/pages\/80\/revisions"}],"predecessor-version":[{"id":2654,"href":"https:\/\/fsgb-sh.ch\/sq\/wp-json\/wp\/v2\/pages\/80\/revisions\/2654"}],"wp:attachment":[{"href":"https:\/\/fsgb-sh.ch\/sq\/wp-json\/wp\/v2\/media?parent=80"}],"curies":[{"name":"wp","href":"https:\/\/api.w.org\/{rel}","templated":true}]}}